{"id":5606,"date":"2023-04-04T00:01:01","date_gmt":"2023-04-04T00:01:01","guid":{"rendered":"https:\/\/hankintaunioni.fi\/bli-medlem-hos-oss\/"},"modified":"2025-02-04T09:29:02","modified_gmt":"2025-02-04T09:29:02","slug":"bli-medlem-hos-oss","status":"publish","type":"page","link":"https:\/\/hankintaunioni.fi\/sv\/bli-medlem-hos-oss\/","title":{"rendered":"Bli medlem hos oss"},"content":{"rendered":"<p>[et_pb_section fb_built=&#8221;1&#8243; _builder_version=&#8221;4.24.2&#8243; _module_preset=&#8221;default&#8221; background_image=&#8221;https:\/\/hankintaunioni.fi\/wp-content\/uploads\/economy-3213967_1280.jpg&#8221; background_enable_video_mp4=&#8221;off&#8221; custom_padding=&#8221;50px|||||&#8221; global_colors_info=&#8221;{}&#8221;][et_pb_row _builder_version=&#8221;4.24.2&#8243; _module_preset=&#8221;default&#8221; max_width=&#8221;1215px&#8221; custom_margin=&#8221;10%||5%||false|false&#8221; custom_padding=&#8221;||||false|false&#8221; global_colors_info=&#8221;{}&#8221;][et_pb_column type=&#8221;4_4&#8243; _builder_version=&#8221;4.20.4&#8243; _module_preset=&#8221;default&#8221; global_colors_info=&#8221;{}&#8221;][et_pb_text _builder_version=&#8221;4.24.2&#8243; _module_preset=&#8221;default&#8221; text_text_color=&#8221;#FFFFFF&#8221; text_font_size=&#8221;50px&#8221; header_font=&#8221;|800||on|||||&#8221; header_text_color=&#8221;#FFFFFF&#8221; header_font_size=&#8221;50px&#8221; global_colors_info=&#8221;{}&#8221;]<\/p>\n<h1>JOIN<\/h1>\n<p>[\/et_pb_text][et_pb_button button_text=&#8221;Det \u00e4r m\u00f6jligt att kompensera f\u00f6r nackdelarna genom gemensamma ink\u00f6psvolymer&#8221; button_alignment=&#8221;left&#8221; _builder_version=&#8221;4.24.2&#8243; _module_preset=&#8221;default&#8221; custom_button=&#8221;on&#8221; button_text_size=&#8221;16px&#8221; button_text_color=&#8221;#262656&#8243; button_bg_color=&#8221;#C4AFDB&#8221; button_border_color=&#8221;RGBA(255,255,255,0)&#8221; button_font=&#8221;|700|||||||&#8221; button_use_icon=&#8221;off&#8221; global_colors_info=&#8221;{}&#8221;][\/et_pb_button][\/et_pb_column][\/et_pb_row][\/et_pb_section][et_pb_section fb_built=&#8221;1&#8243; _builder_version=&#8221;4.24.2&#8243; _module_preset=&#8221;default&#8221; background_color=&#8221;#EFEFEF&#8221; global_colors_info=&#8221;{}&#8221;][et_pb_row _builder_version=&#8221;4.20.2&#8243; _module_preset=&#8221;default&#8221; global_colors_info=&#8221;{}&#8221;][et_pb_column type=&#8221;4_4&#8243; _builder_version=&#8221;4.20.2&#8243; _module_preset=&#8221;default&#8221; global_colors_info=&#8221;{}&#8221;][et_pb_text _builder_version=&#8221;4.27.4&#8243; _module_preset=&#8221;default&#8221; text_font=&#8221;Poppins||||||||&#8221; text_text_color=&#8221;#6B6B6B&#8221; text_font_size=&#8221;17px&#8221; text_letter_spacing=&#8221;1px&#8221; global_colors_info=&#8221;{}&#8221;]<\/p>\n<h1 style=\"text-align: center;\">SOM MEDLEM F\u00c5R DU ALLA F\u00d6RDELAR DIREKT<\/h1>\n<p style=\"text-align: center;\">&#8221;Vi spelar i samma lag som ert f\u00f6retag&#8221;<\/p>\n<p style=\"text-align: center;\">Att bli medlem \u00e4r f\u00f6rdelaktigt och ett medlemsf\u00f6retag f\u00e5r tillg\u00e5ng till Procurement Unions prislistor direkt efter intr\u00e4det. Medlemsf\u00f6retagen f\u00e5r samma priss\u00e4ttning som alla andra medlemmar, oavsett storlek p\u00e5 medlemsf\u00f6retaget.   <\/p>\n<p>&nbsp;<\/p>\n<p>[\/et_pb_text][\/et_pb_column][\/et_pb_row][et_pb_row column_structure=&#8221;1_2,1_2&#8243; _builder_version=&#8221;4.20.2&#8243; _module_preset=&#8221;default&#8221; global_colors_info=&#8221;{}&#8221;][et_pb_column type=&#8221;1_2&#8243; _builder_version=&#8221;4.20.2&#8243; _module_preset=&#8221;default&#8221; global_colors_info=&#8221;{}&#8221;][et_pb_image src=&#8221;https:\/\/hankintaunioni.fi\/wp-content\/uploads\/hankintahintakaavio.svg&#8221; title_text=&#8221;Formel f\u00f6r upphandlingspris&#8221; _builder_version=&#8221;4.20.4&#8243; _module_preset=&#8221;default&#8221; global_colors_info=&#8221;{}&#8221;][\/et_pb_image][\/et_pb_column][et_pb_column type=&#8221;1_2&#8243; _builder_version=&#8221;4.20.2&#8243; _module_preset=&#8221;default&#8221; global_colors_info=&#8221;{}&#8221;][et_pb_text _builder_version=&#8221;4.27.4&#8243; _module_preset=&#8221;default&#8221; text_font=&#8221;Poppins||on||||||&#8221; text_text_color=&#8221;#6B6B6B&#8221; text_font_size=&#8221;17px&#8221; text_letter_spacing=&#8221;1px&#8221; global_colors_info=&#8221;{}&#8221;]<\/p>\n<h2>eISINGLE F\u00d6RDELAR<\/h2>\n<p><em>v\u00e5rt m\u00e5l \u00e4r att uppn\u00e5 omfattande kostnadsbesparingar f\u00f6r medlemsf\u00f6retagen<\/em><\/p>\n<p>&nbsp;<\/p>\n<ul>\n<li>Vi konkurrerar om leveranser p\u00e5 grundval av v\u00e5ra medlemmars kollektiva ink\u00f6psvolymer, direkt med producenter<\/li>\n<li>Alla medlemsf\u00f6retag drar lika stor nytta av de f\u00f6rdelar som uppn\u00e5s<\/li>\n<li>I motsats till grossisternas intressen s\u00f6ker vi aktivt l\u00e4gre priser f\u00f6r att tillgodose v\u00e5ra medlemmars behov.<\/li>\n<li>Ett brett sortiment av konkurrenskraftiga produkter f\u00f6r vardagsink\u00f6p, till priser som du inte kan uppn\u00e5 p\u00e5 egen hand<\/li>\n<li>Vi \u00f6vervakar priss\u00e4ttningen av produkter och tj\u00e4nster f\u00f6r v\u00e5ra medlemmars r\u00e4kning<\/li>\n<li>Ett omfattande n\u00e4tverk av partners, d\u00e4r du som medlem omedelbart kan best\u00e4lla tj\u00e4nster som upphandlats i konkurrens<\/li>\n<li>Som medlem f\u00e5r du en egen kontaktperson med gedigen branschkunskap och erfarenhet. Vi guidar dig genom dina ink\u00f6psrutiner, hj\u00e4lper dig att v\u00e4lja produkter och visar dig f\u00f6rdelarna med medlemskapet. <\/li>\n<li>Vi har ocks\u00e5 tagit h\u00e4nsyn till indirekta kostnader. Leveranser sker p\u00e5 grundval av en order &#8211; en leverans &#8211; en faktura <\/li>\n<li>Medlemsf\u00f6retaget uppn\u00e5r betydande kostnadsbesparingar genom gemensam upphandling till l\u00e5g kostnad<\/li>\n<\/ul>\n<p>[\/et_pb_text][\/et_pb_column][\/et_pb_row][\/et_pb_section][et_pb_section fb_built=&#8221;1&#8243; _builder_version=&#8221;4.24.2&#8243; _module_preset=&#8221;default&#8221; background_color=&#8221;RGBA(255,255,255,0)&#8221; global_colors_info=&#8221;{}&#8221;][et_pb_row _builder_version=&#8221;4.20.2&#8243; _module_preset=&#8221;default&#8221; global_colors_info=&#8221;{}&#8221;][et_pb_column type=&#8221;4_4&#8243; _builder_version=&#8221;4.20.2&#8243; _module_preset=&#8221;default&#8221; global_colors_info=&#8221;{}&#8221;][et_pb_text _builder_version=&#8221;4.27.4&#8243; _module_preset=&#8221;default&#8221; text_font=&#8221;Poppins||||||||&#8221; text_text_color=&#8221;#6b6b6b&#8221; text_font_size=&#8221;17px&#8221; text_letter_spacing=&#8221;1px&#8221; custom_padding=&#8221;||0px|||&#8221; global_colors_info=&#8221;{}&#8221;]<\/p>\n<h1>Kartl\u00e4ggning av samarbete<\/h1>\n<p>Vi b\u00f6rjar med att kartl\u00e4gga den nya medlemmens nuvarande ink\u00f6p och skapa en \u00f6versikt \u00f6ver f\u00f6rdelarna med att vara medlem i Procurement Union. N\u00e4r medlemsavtalet \u00e4r godk\u00e4nt kan medlemsf\u00f6retaget k\u00f6pa f\u00f6rbrukningsvaror och tj\u00e4nster fr\u00e5n v\u00e5ra partners till ink\u00f6pspoolens avtalspriser. <\/p>\n<p>&nbsp;<\/p>\n<h1>Hela leveranskedjan \u00e4r redo att tas i bruk, inklusive best\u00e4llningskanaler, logistik och lagerdistribution.<\/h1>\n<p>Alla avtalsprodukter \u00e4r tillg\u00e4ngliga f\u00f6r medlemsf\u00f6retaget till avtalspriser under hela medlemskapets l\u00f6ptid. Genom att engagera medlemmarna i ink\u00f6p av produkter till konkurrenskraftiga priser s\u00e4kerst\u00e4ller vi att volymink\u00f6p g\u00f6rs, vilket ger prisf\u00f6rdelar f\u00f6r alla. Vi har f\u00f6rhandlat om allt, inklusive lagring, logistik och den elektroniska best\u00e4llningskanalen. Som medlem f\u00e5r du tillg\u00e5ng till en l\u00e4ttanv\u00e4nd best\u00e4llningsportal d\u00e4r du kan se och hantera dina best\u00e4llningar.   <\/p>\n<p>&nbsp;<\/p>\n<p style=\"text-align: center;\"><em>Genom att bli medlem drar du nytta av medlemskapet i form av l\u00e4gre priser p\u00e5 f\u00f6rbrukningsvaror och tj\u00e4nster, och d\u00e4rmed b\u00e4ttre f\u00f6retagsekonomi.<\/em><\/p>\n<p>[\/et_pb_text][\/et_pb_column][\/et_pb_row][\/et_pb_section][et_pb_section fb_built=&#8221;1&#8243; _builder_version=&#8221;4.24.2&#8243; _module_preset=&#8221;default&#8221; background_color=&#8221;#EFEFEF&#8221; background_enable_mask_style=&#8221;on&#8221; background_mask_style=&#8221;diagonal-pills&#8221; background_mask_color=&#8221;#FFFFFF&#8221; global_colors_info=&#8221;{}&#8221;][et_pb_row column_structure=&#8221;3_5,2_5&#8243; _builder_version=&#8221;4.20.2&#8243; _module_preset=&#8221;default&#8221; global_colors_info=&#8221;{}&#8221;][et_pb_column type=&#8221;3_5&#8243; _builder_version=&#8221;4.20.2&#8243; _module_preset=&#8221;default&#8221; global_colors_info=&#8221;{}&#8221;][et_pb_image src=&#8221;https:\/\/hankintaunioni.fi\/wp-content\/uploads\/Hankintaunioni-4.jpg&#8221; title_text=&#8221;Upphandling Union-4&#8243; _builder_version=&#8221;4.20.2&#8243; _module_preset=&#8221;default&#8221; global_colors_info=&#8221;{}&#8221;][\/et_pb_image][\/et_pb_column][et_pb_column type=&#8221;2_5&#8243; _builder_version=&#8221;4.20.2&#8243; _module_preset=&#8221;default&#8221; global_colors_info=&#8221;{}&#8221;][et_pb_text _builder_version=&#8221;4.27.4&#8243; _module_preset=&#8221;default&#8221; text_font=&#8221;Poppins||||||||&#8221; text_text_color=&#8221;#6B6B6B&#8221; text_font_size=&#8221;17px&#8221; text_letter_spacing=&#8221;1px&#8221; global_colors_info=&#8221;{}&#8221;]<\/p>\n<h2>SOM MEDLEM F\u00c5R DU OCKS\u00c5 P\u00c5LITLIG SERVICE<\/h2>\n<p>Som medlem i Procurement Union f\u00e5r du, f\u00f6rutom f\u00f6rm\u00e5nliga ink\u00f6p av f\u00f6rbrukningsvaror, en dedikerad kontaktperson med gedigen branschkunskap och erfarenhet. Vi kan hj\u00e4lpa dig att v\u00e4lja produkter och v\u00e4gleda dig genom f\u00f6rdelarna med medlemskapet. Vi bevakar produktpriserna f\u00f6r medlemmarnas r\u00e4kning och vid behov konkurrerar vi om gamla och nya produkter f\u00f6r att tillgodose medlemmarnas behov.    <\/p>\n<p>[\/et_pb_text][\/et_pb_column][\/et_pb_row][\/et_pb_section][et_pb_section fb_built=&#8221;1&#8243; _builder_version=&#8221;4.24.2&#8243; _module_preset=&#8221;default&#8221; global_colors_info=&#8221;{}&#8221;][\/et_pb_section][et_pb_section fb_built=&#8221;1&#8243; _builder_version=&#8221;4.24.2&#8243; _module_preset=&#8221;default&#8221; background_color=&#8221;#EFEFEF&#8221; background_image=&#8221;https:\/\/hankintaunioni.fi\/wp-content\/uploads\/Hankintaunioni-verkosto-levea.png&#8221; background_enable_image=&#8221;off&#8221; parallax=&#8221;on&#8221; background_enable_video_mp4=&#8221;off&#8221; global_module=&#8221;2139&#8243; saved_tabs=&#8221;all&#8221; global_colors_info=&#8221;{}&#8221;][et_pb_row _builder_version=&#8221;4.20.4&#8243; _module_preset=&#8221;default&#8221; background_color=&#8221;#FFFFFF&#8221; global_colors_info=&#8221;{}&#8221;][et_pb_column type=&#8221;4_4&#8243; _builder_version=&#8221;4.20.2&#8243; _module_preset=&#8221;default&#8221; global_colors_info=&#8221;{}&#8221;][et_pb_text admin_label=&#8221;Text&#8221; _builder_version=&#8221;4.27.4&#8243; _module_preset=&#8221;default&#8221; text_font=&#8221;Poppins||||||||&#8221; text_text_color=&#8221;#262656&#8243; text_font_size=&#8221;17px&#8221; custom_margin=&#8221;|2%||2%|false|false&#8221; global_colors_info=&#8221;{}&#8221;]<\/p>\n<h1 style=\"text-align: center;\">VILL DU H\u00d6RA MER?<\/h1>\n<p style=\"text-align: center;\">Fyll i uppgifterna nedan s\u00e5 kontaktar vi dig.<\/p>\n<p>[\/et_pb_text][et_pb_contact_form email=&#8221;juha.lunden@hankintaunioni.fi, jani@mainosmies.com&#8221; success_message=&#8221;Tack s\u00e5 mycket! Ditt meddelande har skickats till Procurement. Vi kommer att kontakta dig s\u00e5 snart som m\u00f6jligt.&#8221; submit_button_text=&#8221;Skicka till&#8221; admin_label=&#8221;Contact Form&#8221; _builder_version=&#8221;4.27.4&#8243; _module_preset=&#8221;default&#8221; _unique_id=&#8221;a9fa743d-ebab-48bd-909a-0d9c34770ecd&#8221; form_field_background_color=&#8221;#f9f9f9&#8243; form_field_text_color=&#8221;#262656&#8243; form_field_focus_background_color=&#8221;#cec9db&#8221; captcha_font=&#8221;|700|||||||&#8221; custom_margin=&#8221;|3%||3%|false|false&#8221; global_colors_info=&#8221;{}&#8221;][et_pb_contact_field field_id=&#8221;Nimi&#8221; field_title=&#8221;Namn&#8221; _builder_version=&#8221;4.27.4&#8243; global_colors_info=&#8221;{}&#8221; button_text_size__hover_enabled=&#8221;off&#8221; button_one_text_size__hover_enabled=&#8221;off&#8221; button_two_text_size__hover_enabled=&#8221;off&#8221; button_text_color__hover_enabled=&#8221;off&#8221; button_one_text_color__hover_enabled=&#8221;off&#8221; button_two_text_color__hover_enabled=&#8221;off&#8221; button_border_width__hover_enabled=&#8221;off&#8221; button_one_border_width__hover_enabled=&#8221;off&#8221; button_two_border_width__hover_enabled=&#8221;off&#8221; button_border_color__hover_enabled=&#8221;off&#8221; button_one_border_color__hover_enabled=&#8221;off&#8221; button_two_border_color__hover_enabled=&#8221;off&#8221; button_border_radius__hover_enabled=&#8221;off&#8221; button_one_border_radius__hover_enabled=&#8221;off&#8221; button_two_border_radius__hover_enabled=&#8221;off&#8221; button_letter_spacing__hover_enabled=&#8221;off&#8221; button_one_letter_spacing__hover_enabled=&#8221;off&#8221; button_two_letter_spacing__hover_enabled=&#8221;off&#8221; button_bg_color__hover_enabled=&#8221;off&#8221; button_one_bg_color__hover_enabled=&#8221;off&#8221; button_two_bg_color__hover_enabled=&#8221;off&#8221;][\/et_pb_contact_field][et_pb_contact_field field_id=&#8221;Yritys&#8221; field_title=&#8221;F\u00f6retag&#8221; _builder_version=&#8221;4.27.4&#8243; global_colors_info=&#8221;{}&#8221; button_text_size__hover_enabled=&#8221;off&#8221; button_one_text_size__hover_enabled=&#8221;off&#8221; button_two_text_size__hover_enabled=&#8221;off&#8221; button_text_color__hover_enabled=&#8221;off&#8221; button_one_text_color__hover_enabled=&#8221;off&#8221; button_two_text_color__hover_enabled=&#8221;off&#8221; button_border_width__hover_enabled=&#8221;off&#8221; button_one_border_width__hover_enabled=&#8221;off&#8221; button_two_border_width__hover_enabled=&#8221;off&#8221; button_border_color__hover_enabled=&#8221;off&#8221; button_one_border_color__hover_enabled=&#8221;off&#8221; button_two_border_color__hover_enabled=&#8221;off&#8221; button_border_radius__hover_enabled=&#8221;off&#8221; button_one_border_radius__hover_enabled=&#8221;off&#8221; button_two_border_radius__hover_enabled=&#8221;off&#8221; button_letter_spacing__hover_enabled=&#8221;off&#8221; button_one_letter_spacing__hover_enabled=&#8221;off&#8221; button_two_letter_spacing__hover_enabled=&#8221;off&#8221; button_bg_color__hover_enabled=&#8221;off&#8221; button_one_bg_color__hover_enabled=&#8221;off&#8221; button_two_bg_color__hover_enabled=&#8221;off&#8221;][\/et_pb_contact_field][et_pb_contact_field field_id=&#8221;S\u00e4hk\u00f6posti&#8221; field_title=&#8221;E-post&#8221; _builder_version=&#8221;4.27.4&#8243; global_colors_info=&#8221;{}&#8221; button_text_size__hover_enabled=&#8221;off&#8221; button_one_text_size__hover_enabled=&#8221;off&#8221; button_two_text_size__hover_enabled=&#8221;off&#8221; button_text_color__hover_enabled=&#8221;off&#8221; button_one_text_color__hover_enabled=&#8221;off&#8221; button_two_text_color__hover_enabled=&#8221;off&#8221; button_border_width__hover_enabled=&#8221;off&#8221; button_one_border_width__hover_enabled=&#8221;off&#8221; button_two_border_width__hover_enabled=&#8221;off&#8221; button_border_color__hover_enabled=&#8221;off&#8221; button_one_border_color__hover_enabled=&#8221;off&#8221; button_two_border_color__hover_enabled=&#8221;off&#8221; button_border_radius__hover_enabled=&#8221;off&#8221; button_one_border_radius__hover_enabled=&#8221;off&#8221; button_two_border_radius__hover_enabled=&#8221;off&#8221; button_letter_spacing__hover_enabled=&#8221;off&#8221; button_one_letter_spacing__hover_enabled=&#8221;off&#8221; button_two_letter_spacing__hover_enabled=&#8221;off&#8221; button_bg_color__hover_enabled=&#8221;off&#8221; button_one_bg_color__hover_enabled=&#8221;off&#8221; button_two_bg_color__hover_enabled=&#8221;off&#8221;][\/et_pb_contact_field][et_pb_contact_field field_id=&#8221;Puhelin&#8221; field_title=&#8221;Telefon&#8221; _builder_version=&#8221;4.27.4&#8243; global_colors_info=&#8221;{}&#8221; button_text_size__hover_enabled=&#8221;off&#8221; button_one_text_size__hover_enabled=&#8221;off&#8221; button_two_text_size__hover_enabled=&#8221;off&#8221; button_text_color__hover_enabled=&#8221;off&#8221; button_one_text_color__hover_enabled=&#8221;off&#8221; button_two_text_color__hover_enabled=&#8221;off&#8221; button_border_width__hover_enabled=&#8221;off&#8221; button_one_border_width__hover_enabled=&#8221;off&#8221; button_two_border_width__hover_enabled=&#8221;off&#8221; button_border_color__hover_enabled=&#8221;off&#8221; button_one_border_color__hover_enabled=&#8221;off&#8221; button_two_border_color__hover_enabled=&#8221;off&#8221; button_border_radius__hover_enabled=&#8221;off&#8221; button_one_border_radius__hover_enabled=&#8221;off&#8221; button_two_border_radius__hover_enabled=&#8221;off&#8221; button_letter_spacing__hover_enabled=&#8221;off&#8221; button_one_letter_spacing__hover_enabled=&#8221;off&#8221; button_two_letter_spacing__hover_enabled=&#8221;off&#8221; button_bg_color__hover_enabled=&#8221;off&#8221; button_one_bg_color__hover_enabled=&#8221;off&#8221; button_two_bg_color__hover_enabled=&#8221;off&#8221;][\/et_pb_contact_field][et_pb_contact_field field_id=&#8221;Viesti&#8221; field_title=&#8221;Meddelande till&#8221; field_type=&#8221;text&#8221; required_mark=&#8221;off&#8221; fullwidth_field=&#8221;on&#8221; _builder_version=&#8221;4.27.4&#8243; global_colors_info=&#8221;{}&#8221; button_text_size__hover_enabled=&#8221;off&#8221; button_one_text_size__hover_enabled=&#8221;off&#8221; button_two_text_size__hover_enabled=&#8221;off&#8221; button_text_color__hover_enabled=&#8221;off&#8221; button_one_text_color__hover_enabled=&#8221;off&#8221; button_two_text_color__hover_enabled=&#8221;off&#8221; button_border_width__hover_enabled=&#8221;off&#8221; button_one_border_width__hover_enabled=&#8221;off&#8221; button_two_border_width__hover_enabled=&#8221;off&#8221; button_border_color__hover_enabled=&#8221;off&#8221; button_one_border_color__hover_enabled=&#8221;off&#8221; button_two_border_color__hover_enabled=&#8221;off&#8221; button_border_radius__hover_enabled=&#8221;off&#8221; button_one_border_radius__hover_enabled=&#8221;off&#8221; button_two_border_radius__hover_enabled=&#8221;off&#8221; button_letter_spacing__hover_enabled=&#8221;off&#8221; button_one_letter_spacing__hover_enabled=&#8221;off&#8221; button_two_letter_spacing__hover_enabled=&#8221;off&#8221; button_bg_color__hover_enabled=&#8221;off&#8221; button_one_bg_color__hover_enabled=&#8221;off&#8221; button_two_bg_color__hover_enabled=&#8221;off&#8221;][\/et_pb_contact_field][\/et_pb_contact_form][\/et_pb_column][\/et_pb_row][\/et_pb_section][et_pb_section fb_built=&#8221;1&#8243; _builder_version=&#8221;4.24.2&#8243; _module_preset=&#8221;default&#8221; background_color=&#8221;RGBA(255,255,255,0)&#8221; global_colors_info=&#8221;{}&#8221;][et_pb_row _builder_version=&#8221;4.24.2&#8243; _module_preset=&#8221;default&#8221; background_color=&#8221;RGBA(255,255,255,0)&#8221; global_colors_info=&#8221;{}&#8221;][et_pb_column type=&#8221;4_4&#8243; _builder_version=&#8221;4.20.4&#8243; _module_preset=&#8221;default&#8221; global_colors_info=&#8221;{}&#8221;][\/et_pb_column][\/et_pb_row][\/et_pb_section]<\/p>\n","protected":false},"excerpt":{"rendered":"<p>JOINSOM MEDLEM F\u00c5R DU ALLA F\u00d6RDELAR DIREKT &#8221;Vi spelar i samma lag som ert f\u00f6retag&#8221; Att bli medlem \u00e4r f\u00f6rdelaktigt och ett medlemsf\u00f6retag f\u00e5r tillg\u00e5ng till Procurement Unions prislistor direkt efter intr\u00e4det. Medlemsf\u00f6retagen f\u00e5r samma priss\u00e4ttning som alla andra medlemmar, oavsett storlek p\u00e5 medlemsf\u00f6retaget. &nbsp;eISINGLE F\u00d6RDELAR v\u00e5rt m\u00e5l \u00e4r att uppn\u00e5 omfattande kostnadsbesparingar f\u00f6r medlemsf\u00f6retagen [&hellip;]<\/p>\n","protected":false},"author":113,"featured_media":0,"parent":0,"menu_order":0,"comment_status":"closed","ping_status":"closed","template":"","meta":{"_et_pb_use_builder":"on","_et_pb_old_content":"","_et_gb_content_width":"","inline_featured_image":false,"footnotes":""},"class_list":["post-5606","page","type-page","status-publish","hentry"],"_links":{"self":[{"href":"https:\/\/hankintaunioni.fi\/sv\/wp-json\/wp\/v2\/pages\/5606","targetHints":{"allow":["GET"]}}],"collection":[{"href":"https:\/\/hankintaunioni.fi\/sv\/wp-json\/wp\/v2\/pages"}],"about":[{"href":"https:\/\/hankintaunioni.fi\/sv\/wp-json\/wp\/v2\/types\/page"}],"author":[{"embeddable":true,"href":"https:\/\/hankintaunioni.fi\/sv\/wp-json\/wp\/v2\/users\/113"}],"replies":[{"embeddable":true,"href":"https:\/\/hankintaunioni.fi\/sv\/wp-json\/wp\/v2\/comments?post=5606"}],"version-history":[{"count":2,"href":"https:\/\/hankintaunioni.fi\/sv\/wp-json\/wp\/v2\/pages\/5606\/revisions"}],"predecessor-version":[{"id":5626,"href":"https:\/\/hankintaunioni.fi\/sv\/wp-json\/wp\/v2\/pages\/5606\/revisions\/5626"}],"wp:attachment":[{"href":"https:\/\/hankintaunioni.fi\/sv\/wp-json\/wp\/v2\/media?parent=5606"}],"curies":[{"name":"wp","href":"https:\/\/api.w.org\/{rel}","templated":true}]}}