{"id":5735,"date":"2023-04-04T01:43:20","date_gmt":"2023-04-04T01:43:20","guid":{"rendered":"https:\/\/hankintaunioni.fi\/hallbarhet\/"},"modified":"2025-02-04T17:47:11","modified_gmt":"2025-02-04T17:47:11","slug":"hallbarhet","status":"publish","type":"page","link":"https:\/\/hankintaunioni.fi\/sv\/hallbarhet\/","title":{"rendered":"H\u00e5llbarhet"},"content":{"rendered":"<p>[et_pb_section fb_built=&#8221;1&#8243; _builder_version=&#8221;4.24.2&#8243; _module_preset=&#8221;default&#8221; background_image=&#8221;https:\/\/hankintaunioni.fi\/wp-content\/uploads\/winter-7661769_1280.jpg&#8221; custom_padding=&#8221;50px|||||&#8221; global_colors_info=&#8221;{}&#8221;][et_pb_row _builder_version=&#8221;4.20.4&#8243; _module_preset=&#8221;default&#8221; custom_margin=&#8221;10%||5%||false|false&#8221; custom_padding=&#8221;||||false|false&#8221; global_colors_info=&#8221;{}&#8221;][et_pb_column type=&#8221;4_4&#8243; _builder_version=&#8221;4.20.4&#8243; _module_preset=&#8221;default&#8221; global_colors_info=&#8221;{}&#8221;][et_pb_image src=&#8221;https:\/\/hankintaunioni.fi\/wp-content\/uploads\/Hankintaunioni-vaaka-valkoinen.png&#8221; title_text=&#8221;Hankinta Unioni horisontell-vit&#8221; _builder_version=&#8221;4.20.4&#8243; _module_preset=&#8221;default&#8221; max_height=&#8221;50px&#8221; custom_margin=&#8221;|||20px|false|false&#8221; global_colors_info=&#8221;{}&#8221;][\/et_pb_image][et_pb_button button_text=&#8221;TILLSAMMANS P\u00c5 ETT ANSVARSFULLT S\u00c4TT&#8221; button_alignment=&#8221;left&#8221; _builder_version=&#8221;4.20.4&#8243; _module_preset=&#8221;default&#8221; custom_button=&#8221;on&#8221; button_text_size=&#8221;16px&#8221; button_text_color=&#8221;#262656&#8243; button_bg_color=&#8221;#C4AFDB&#8221; button_border_color=&#8221;RGBA(255,255,255,0)&#8221; button_font=&#8221;|700|||||||&#8221; button_use_icon=&#8221;off&#8221; global_colors_info=&#8221;{}&#8221;][\/et_pb_button][\/et_pb_column][\/et_pb_row][\/et_pb_section][et_pb_section fb_built=&#8221;1&#8243; _builder_version=&#8221;4.20.2&#8243; _module_preset=&#8221;default&#8221; use_background_color_gradient=&#8221;on&#8221; background_color_gradient_stops=&#8221;#ffffff 0%|rgba(255,255,255,0.85) 100%&#8221; background_color_gradient_overlays_image=&#8221;on&#8221; background_image=&#8221;https:\/\/hankintaunioni.fi\/wp-content\/uploads\/Hankintaunioni-verkosto-hd.png&#8221; parallax=&#8221;on&#8221; global_colors_info=&#8221;{}&#8221;][et_pb_row column_structure=&#8221;1_2,1_2&#8243; _builder_version=&#8221;4.20.2&#8243; _module_preset=&#8221;default&#8221; global_colors_info=&#8221;{}&#8221;][et_pb_column type=&#8221;1_2&#8243; _builder_version=&#8221;4.20.2&#8243; _module_preset=&#8221;default&#8221; global_colors_info=&#8221;{}&#8221;][et_pb_image src=&#8221;https:\/\/hankintaunioni.fi\/wp-content\/uploads\/winter-5983671_1280.jpg&#8221; title_text=&#8221;vinter-5983671_1280&#8243; _builder_version=&#8221;4.24.2&#8243; _module_preset=&#8221;default&#8221; global_colors_info=&#8221;{}&#8221;][\/et_pb_image][\/et_pb_column][et_pb_column type=&#8221;1_2&#8243; _builder_version=&#8221;4.20.2&#8243; _module_preset=&#8221;default&#8221; global_colors_info=&#8221;{}&#8221;][et_pb_text _builder_version=&#8221;4.24.2&#8243; _module_preset=&#8221;default&#8221; hover_enabled=&#8221;0&#8243; global_colors_info=&#8221;{}&#8221; text_font=&#8221;Poppins||||||||&#8221; text_font_size=&#8221;17px&#8221; text_letter_spacing=&#8221;1px&#8221; sticky_enabled=&#8221;0&#8243;]<\/p>\n<h1>ANSVAR<\/h1>\n<p style=\"font-weight: 400;\">V\u00e5ra medlemsf\u00f6retag kan g\u00f6ra sina egna ink\u00f6p p\u00e5 ett ansvarsfullt s\u00e4tt. Aktuella h\u00e5llbarhetsrapporter finns tillg\u00e4ngliga fr\u00e5n de flesta av v\u00e5ra leverant\u00f6rer. Du kan kontrollera leverant\u00f6rens h\u00e5llbarhetsaktiviteter i h\u00e5llbarhetsrapporterna. De flesta av v\u00e5ra produkter har ocks\u00e5 l\u00e4mplig h\u00e5llbarhetscertifiering.   <\/p>\n<p style=\"font-weight: 400;\">Ett medlemsf\u00f6retag kan ocks\u00e5 v\u00e4lja att sammanst\u00e4lla hela sin produktprislista enbart fr\u00e5n produkter med h\u00e5llbarhetscertifikat. Om du vill att dina produkter ska vara certifierade, v\u00e4nligen meddela oss. Vi sammanst\u00e4ller g\u00e4rna en prislista med enbart certifierade produkter.  <\/p>\n<p style=\"font-weight: 400;\">Vi l\u00e4gger st\u00e4ndigt till nya produkter och tj\u00e4nster i v\u00e5r portf\u00f6lj. Dessa val beaktas ur ett h\u00e5llbarhetsperspektiv. Vi str\u00e4var efter att s\u00e5 m\u00e5nga som m\u00f6jligt av v\u00e5ra produkter ska vara certifierade som ansvarsfulla. P\u00e5 s\u00e5 s\u00e4tt g\u00f6r vi v\u00e5r del f\u00f6r att beakta principerna f\u00f6r h\u00e5llbar utveckling. Vi str\u00e4var efter att i m\u00e5n av m\u00f6jlighet gynna finl\u00e4ndska produkter och producenter. Vi anst\u00e4ller ansvarsfullt i Finland.     <\/p>\n<p style=\"font-weight: 400;\">Titta p\u00e5 videon nedan f\u00f6r att se hur v\u00e5r kund tar sitt ansvar. L&amp;T utf\u00f6r avfallsinsamling p\u00e5 ett helt koldioxidneutralt s\u00e4tt.   <a href=\"https:\/\/hankintaunioni.fi\/wp-content\/uploads\/HU-Hiilineutraalijatehuolto.pdf\" target=\"_blank\" rel=\"noopener\">Klicka h\u00e4r f\u00f6r att l\u00e4sa deras h\u00e5llbarhetsrapport.<\/a><\/p>\n<p>[\/et_pb_text][\/et_pb_column][\/et_pb_row][et_pb_row _builder_version=&#8221;4.20.4&#8243; _module_preset=&#8221;default&#8221; global_colors_info=&#8221;{}&#8221;][et_pb_column type=&#8221;4_4&#8243; _builder_version=&#8221;4.20.4&#8243; _module_preset=&#8221;default&#8221; global_colors_info=&#8221;{}&#8221;][et_pb_video src=&#8221;https:\/\/www.youtube.com\/watch?v=HyeVTUztF5I&#8221; _builder_version=&#8221;4.20.4&#8243; _module_preset=&#8221;default&#8221; global_colors_info=&#8221;{}&#8221;][\/et_pb_video][\/et_pb_column][\/et_pb_row][\/et_pb_section][et_pb_section fb_built=&#8221;1&#8243; _builder_version=&#8221;4.20.2&#8243; _module_preset=&#8221;default&#8221; background_color=&#8221;#262656&#8243; global_colors_info=&#8221;{}&#8221;][et_pb_row _builder_version=&#8221;4.20.2&#8243; _module_preset=&#8221;default&#8221; global_colors_info=&#8221;{}&#8221;][et_pb_column type=&#8221;4_4&#8243; _builder_version=&#8221;4.20.2&#8243; _module_preset=&#8221;default&#8221; global_colors_info=&#8221;{}&#8221;][et_pb_image src=&#8221;https:\/\/hankintaunioni.fi\/wp-content\/uploads\/Hankintaunioni-vaaka-valkoinen.png&#8221; title_text=&#8221;Hankinta Unioni horisontell-vit&#8221; align=&#8221;center&#8221; _builder_version=&#8221;4.20.2&#8243; _module_preset=&#8221;default&#8221; max_height=&#8221;60px&#8221; global_colors_info=&#8221;{}&#8221;][\/et_pb_image][et_pb_text _builder_version=&#8221;4.24.2&#8243; _module_preset=&#8221;default&#8221; text_text_color=&#8221;#FFFFFF&#8221; header_5_font=&#8221;|300|||||||&#8221; header_5_text_color=&#8221;#FFFFFF&#8221; header_5_font_size=&#8221;56px&#8221; hover_enabled=&#8221;0&#8243; global_colors_info=&#8221;{}&#8221; text_font=&#8221;Poppins||||||||&#8221; text_letter_spacing=&#8221;1px&#8221; sticky_enabled=&#8221;0&#8243;]<\/p>\n<p style=\"text-align: center;\">Genom att bli medlem drar du nytta av medlemskapet i form av l\u00e4gre priser p\u00e5 f\u00f6rbrukningsvaror och tj\u00e4nster och d\u00e4rmed b\u00e4ttre f\u00f6retagsekonomi.<\/p>\n<p>[\/et_pb_text][et_pb_button button_url=&#8221;@ET-DC@eyJkeW5hbWljIjp0cnVlLCJjb250ZW50IjoicG9zdF9saW5rX3VybF9wYWdlIiwic2V0dGluZ3MiOnsicG9zdF9pZCI6IjIwMjIifX0=@&#8221; button_text=&#8221;Vill du h\u00f6ra mer?&#8221; button_alignment=&#8221;center&#8221; _builder_version=&#8221;4.20.4&#8243; _dynamic_attributes=&#8221;button_url&#8221; _module_preset=&#8221;default&#8221; custom_button=&#8221;on&#8221; button_text_color=&#8221;#FFFFFF&#8221; global_colors_info=&#8221;{}&#8221;][\/et_pb_button][\/et_pb_column][\/et_pb_row][\/et_pb_section]<\/p>\n","protected":false},"excerpt":{"rendered":"<p>ANSVAR V\u00e5ra medlemsf\u00f6retag kan g\u00f6ra sina egna ink\u00f6p p\u00e5 ett ansvarsfullt s\u00e4tt. Aktuella h\u00e5llbarhetsrapporter finns tillg\u00e4ngliga fr\u00e5n de flesta av v\u00e5ra leverant\u00f6rer. Du kan kontrollera leverant\u00f6rens h\u00e5llbarhetsaktiviteter i h\u00e5llbarhetsrapporterna. De flesta av v\u00e5ra produkter har ocks\u00e5 l\u00e4mplig h\u00e5llbarhetscertifiering. Ett medlemsf\u00f6retag kan ocks\u00e5 v\u00e4lja att sammanst\u00e4lla hela sin produktprislista enbart fr\u00e5n produkter med h\u00e5llbarhetscertifikat. Om du [&hellip;]<\/p>\n","protected":false},"author":113,"featured_media":0,"parent":0,"menu_order":0,"comment_status":"closed","ping_status":"closed","template":"","meta":{"_et_pb_use_builder":"on","_et_pb_old_content":"","_et_gb_content_width":"","inline_featured_image":false,"footnotes":""},"class_list":["post-5735","page","type-page","status-publish","hentry"],"_links":{"self":[{"href":"https:\/\/hankintaunioni.fi\/sv\/wp-json\/wp\/v2\/pages\/5735","targetHints":{"allow":["GET"]}}],"collection":[{"href":"https:\/\/hankintaunioni.fi\/sv\/wp-json\/wp\/v2\/pages"}],"about":[{"href":"https:\/\/hankintaunioni.fi\/sv\/wp-json\/wp\/v2\/types\/page"}],"author":[{"embeddable":true,"href":"https:\/\/hankintaunioni.fi\/sv\/wp-json\/wp\/v2\/users\/113"}],"replies":[{"embeddable":true,"href":"https:\/\/hankintaunioni.fi\/sv\/wp-json\/wp\/v2\/comments?post=5735"}],"version-history":[{"count":2,"href":"https:\/\/hankintaunioni.fi\/sv\/wp-json\/wp\/v2\/pages\/5735\/revisions"}],"predecessor-version":[{"id":5740,"href":"https:\/\/hankintaunioni.fi\/sv\/wp-json\/wp\/v2\/pages\/5735\/revisions\/5740"}],"wp:attachment":[{"href":"https:\/\/hankintaunioni.fi\/sv\/wp-json\/wp\/v2\/media?parent=5735"}],"curies":[{"name":"wp","href":"https:\/\/api.w.org\/{rel}","templated":true}]}}